{"id":24510,"date":"2025-03-31T17:27:47","date_gmt":"2025-03-31T17:27:47","guid":{"rendered":"https:\/\/ats-automation-develop.go-vip.net\/pas\/digital-products\/estreams-2\/"},"modified":"2025-11-04T15:10:27","modified_gmt":"2025-11-04T15:10:27","slug":"estreams","status":"publish","type":"page","link":"https:\/\/ats-automation-develop.go-vip.net\/pas\/it\/digital-products\/estreams\/","title":{"rendered":"eStreams"},"content":{"rendered":"<div id=\"pageheader-block_40aabef70a9a2908681368b299eed1fb\" class=\"content-row content-row-pageheader bg-base pageheader\">\n        <div class=\"contentPart-fixed\">\n        <div class=\"contentPart-inner\">\n            <div class=\"contentPart-text width-100\">\n                <h1>\n                                        eStreams                                    <\/h1>\n                <h2 class=\"trans\">\n                                        Collega i diversi processi di automazione in un unico livello DataOps unificato per operazioni pi\u00f9 rapide e conformi agli standard.                                    <\/h2>\n                                            <\/div>\n        <\/div>\n    <\/div>\n    <div class=\"slidedown-button editor-hide\">\n        <span class=\"slidedown-label\"><\/span>\n        <img decoding=\"async\" src=\"https:\/\/ats-automation-develop.go-vip.net\/pas\/wp-content\/themes\/ats-orise\/img\/doubble-arrow-down.svg\" alt=\"\"\n            class=\"slidedown-icon\">\n    <\/div>\n<\/div>\n\n\n\n    <div id=\"image_banner-block_cc6b73719d80f73cc3e9809d883813f9\" class=\"content-row content-row-imagebanner trans bg-base image_banner test\">\n                                                <img decoding=\"async\" src=\"https:\/\/ats-automation-develop.go-vip.net\/pas\/wp-content\/uploads\/sites\/38\/2025\/07\/11915-PA-Solutions-_-Banners-design-for-landing-page_1920x350.png?w=1920&#038;h=0&#038;crop=1\" alt=\"\" class=\"fullscreen\">\n            <\/div>\n\n\n\n    <div id=\"imagetext_textvariation-block_78dca5c81105b470334564bd62ff1238\" class=\"content-row content-row-textvariation background_darken    textvariation\">\n        <div class=\"contentPart-inner\">\n            <div class=\"contentPart-text\">\n                                            <\/div>\n                            <div class=\"contentPart-textbox width-50 textInput trans\">\n                    <p>Nella produzione regolamentata, l\u2019integrazione tra sistemi come MES, LIMS, ERP e il controllo di processo \u00e8 spesso manuale, complessa da validare e difficile da scalare.<\/p>\n<p>&nbsp;<\/p>\n<p><strong>Orise eStreams<\/strong> raggruppa queste connessioni indipendenti in una piattaforma DataOps basata su workflow, progettata per operare nel settore Life Science.<\/p>\n<p>&nbsp;<\/p>\n                <\/div>\n                                        <div class=\"contentPart-textbox contentPart-textbox_2 textInput width-50 trans\">\n                    <p><strong>Orise eStreams<\/strong> orchestra lo scambio dati, la validazione e l\u2019approvazione di risorse dei vari asset di automazione e aziendali, garantendo <strong>integrit\u00e0, tracciabilit\u00e0 e audit readiness dei dati<\/strong>, tutto in un unico ambiente qualificato.<\/p>\n<p>&nbsp;<\/p>\n<p>Con configurazioni, controllo delle versioni e conformit\u00e0 GxP integrati, Orise eStreams consente progetti digitali pi\u00f9 rapidi e una solida preparazione al <strong>Pharma 4.0<\/strong>.<\/p>\n<p>&nbsp;<\/p>\n                <\/div>\n                    <\/div>\n                    <\/div>\n\n\n    <div id=\"textimage-block_cc1f1f045cc1077627ef81114bf98e02\" class=\"content-row content-row-textimage background_blue  textimage\">\n        <div class=\"contentPart-inner\">\n            <div class=\"contentPart-text width-50\">\n                <h2 class=\"trans text-blue \">\n                                            Dal codice personalizzato ai workflow configurabili e validati                                                        <\/h2>\n                <div class=\"textInput trans\">\n                                            <p>&nbsp;<\/p>\n<p><strong>Orise eStreams<\/strong> sostituisce integrazioni isolate e complesse con un framework strutturato e verificabile basato su workflow, che semplifica il modo in cui i dati si muovono tra i sistemi \u2014 dalla connessione all\u2019esecuzione.<\/p>\n<p>Invece di sviluppare e convalidare script separati per ogni interfaccia, Orise eStreams permette di <strong>progettare, approvare ed eseguire logiche di integrazione attraverso workflow visivi<\/strong>, completamente tracciabili e versionabili.<\/p>\n<p>Ogni fase, dalla connessione alle fonti dati fino all\u2019esecuzione di workflow in produzione , segue un processo chiaro e conforme che garantisce <strong>integrit\u00e0 dei dati, audit readiness e ripetibilit\u00e0<\/strong> di tutte le operazioni.<\/p>\n<p>&nbsp;<\/p>\n                                    <\/div>\n                                            <\/div>\n            <div class=\"contentPart-image width-50 trans \">\n                                                    <img decoding=\"async\" src=\"https:\/\/ats-automation-develop.go-vip.net\/pas\/wp-content\/uploads\/sites\/38\/2025\/11\/eStreams-landing-page-new-24.10.png?w=1024\" alt=\"\" class=\"textbildimg\">\n                            <\/div>\n        <\/div>\n    <\/div>\n\n\n    <div id=\"textimage-block_f6b1b95ca74c3865afa53fcac4a859b2\" class=\"content-row content-row-textimage background_darken  textimage\">\n        <div class=\"contentPart-inner\">\n            <div class=\"contentPart-text width-50\">\n                <h2 class=\"trans text-blue \">\n                                            Funzionalit\u00e0 avanzate per prestazioni ottimali                                                        <\/h2>\n                <div class=\"textInput trans\">\n                                            <p>&nbsp;<\/p>\n<p>Orise eStreams collega gli obiettivi aziendali con l\u2019esecuzione tecnica, offrendo al management <strong>visibilit\u00e0 in tempo reale, controllo centralizzato e scalabilit\u00e0<\/strong>, e agli ingegneri <strong>precisione, configurabilit\u00e0 e conformit\u00e0 by design<\/strong>.<\/p>\n<p>&nbsp;<\/p>\n<ul>\n<li><strong>Sistema a flussi di esecuzione:<\/strong> Crea, approva ed esegui logiche di integrazione in un ambiente no-code\/low-code, con versionamento e tracciabilit\u00e0 completa.<\/li>\n<li><strong>Connettivit\u00e0:<\/strong> Collega PLC, SCADA, MES, LIMS, ERP e sistemi Cloud tramite OPC UA, REST, MQTT e SQL \u2014 garantendo flussi di dati sicuri e in tempo reale.<\/li>\n<li><strong>Rilascio pacchetti validabili:<\/strong> Valida una volta e riutilizza pi\u00f9 volte, accelerando i processi CSV e riducendo il carico di lavoro richiesto per la qualifica.<\/li>\n<li><strong>Edge deployment e VLAN:<\/strong> Installa insieme ad asset di produzione o in reti isolate e validate, senza compromettere l\u2019integrit\u00e0 dei dati.<\/li>\n<li><strong>Librerie di workflow riutilizzabili:<\/strong> Standardizza la logica tra sistemi e siti, riducendo i tempi di progetto e assicurando un\u2019esecuzione coerente.<\/li>\n<li><strong>Nodi Interattivi:<\/strong> Combina input degli operatori con flussi automatizzati per operazioni flessibili e conformi.<\/li>\n<li><strong>Integrazione di nodi personalizzati e servizi AI:<\/strong> <a href=\"https:\/\/ats-automation-develop.go-vip.net\/pas\/digital-products\/manufacturing-ai\/industrial-ai-application\/\">Integra modelli di intelligenza artificiale<\/a> o microservizi all\u2019interno di flussi validati per decisioni pi\u00f9 intelligenti e prestazioni predittive.<\/li>\n<li><strong>Modellazione dati ISA-95:<\/strong> Standardizza la struttura dei workflow seguendo i livelli ISA-95 (sito, area, linea, unit, ecc.).<\/li>\n<\/ul>\n<p>&nbsp;<\/p>\n<p>Che tu stia gestendo una trasformazione digitale o ingegnerizzando processi di scambio dati, <strong>Orise eStreams<\/strong> ti offre un\u2019unica piattaforma in grado <strong>collegare, validare e scalare le risorse<\/strong> \u2014 in modo sicuro ed efficiente.<\/p>\n<p>&nbsp;<\/p>\n                                    <\/div>\n                                            <\/div>\n            <div class=\"contentPart-image width-50 trans \">\n                                                    <img decoding=\"async\" src=\"https:\/\/ats-automation-develop.go-vip.net\/pas\/wp-content\/uploads\/sites\/38\/2025\/10\/eStreams-landing-page-new-2.png?w=1024\" alt=\"\" class=\"textbildimg\">\n                            <\/div>\n        <\/div>\n    <\/div>\n\n\n    <div id=\"imagetext_textvariation-block_e0d21fc468b2fdf070d0d05419831cda\" class=\"content-row content-row-textvariation background_blue    textvariation\">\n        <div class=\"contentPart-inner\">\n            <div class=\"contentPart-text\">\n                                    <h2 class=\"text-blue content-row-headline trans\">\n                        Perch\u00e9 scegliere Orise eStreams?                    <\/h2>\n                                            <\/div>\n                            <div class=\"contentPart-textbox width-50 textInput trans\">\n                    <p><strong>Configurabile invece che compilato<\/strong><br \/>\nProgetta e modifica la logica di integrazione visivamente, senza sviluppare codice personalizzato o script nascosti.<\/p>\n<p><strong>\u00a0<\/strong><\/p>\n<p><strong>Convalida una volta, riutilizza pi\u00f9 volte<\/strong><br \/>\nCrea flussi di lavoro versionati e approvati, riutilizzabili su pi\u00f9 linee, apparecchiature e siti per una pi\u00f9 rapida scalabilit\u00e0.<\/p>\n<p>&nbsp;<\/p>\n<p><strong>Audit-ready by design<\/strong><br \/>\nOgni modifica, approvazione ed esecuzione \u00e8 automaticamente registrata, garantendo piena tracciabilit\u00e0 e prontezza all\u2019ispezione.<\/p>\n<p>&nbsp;<\/p>\n<p><strong>Tutto interconnesso<\/strong><br \/>\nDai <a href=\"https:\/\/ats-automation-develop.go-vip.net\/pas\/mes-production-control\/\">PLC e SCADA a MES, LIMS<\/a>, data historians e API cloud \u2014 Orise eStreams gestisce l\u2019orchestrazione dei dati end-to-end.<\/p>\n                <\/div>\n                                        <div class=\"contentPart-textbox contentPart-textbox_2 textInput width-50 trans\">\n                    <p><strong>Interazione uomo + sistema<\/strong><br \/>\nCombina l\u2019input degli operatori con la logica automatizzata per un <a href=\"https:\/\/ats-automation-develop.go-vip.net\/pas\/digital-products\/apc-suite\/process-control-apc\/\">controllo di processo<\/a> flessibile e conforme.<\/p>\n<p>&nbsp;<\/p>\n<p><strong>Deployment edge-ready<\/strong><br \/>\nInstalla vicino al processo, anche in ambienti on-prem validati o VLAN isolate, per operazioni sicure.<\/p>\n<p>&nbsp;<\/p>\n<p><strong>Accelera i progetti digitali<\/strong><br \/>\nStandardizza l\u2019integrazione tramite modelli di workflow riutilizzabili, riducendo tempi di ingegneria e validazione.<\/p>\n<p>&nbsp;<\/p>\n<p><a href=\"https:\/\/ats-automation-develop.go-vip.net\/pas\/digital-products\/apc-suite\/process-control-apc\/\"><strong>Supporta l\u2019intelligenza artificiale<\/strong><\/a><br \/>\nIntegra inferenza e riaddestramento dei modelli come parte dei flussi di dati validati, per ottimizzare i processi e migliorare l\u2019analisi della qualit\u00e0.<\/p>\n                <\/div>\n                    <\/div>\n                    <\/div>\n\n\n    <div id=\"contactform-block_41368d4ccde3be3171bcc8617420b16a\" class=\"content-row content-row-contactform  background_darken contactform\">\n        <div class=\"contentPart-inner\">\n\n            <div class=\"contentPart-text width-100\">\n                                    <h2 class=\"text-blue content-row-headline trans\">\n                        Prenota Oggi Stesso la Tua Demo                     <\/h2>\n                            <\/div>\n\n            <div class=\"contactform-wrapper trans\">\n                                    <iframe src=\"https:\/\/go.atsautomation.com\/l\/651873\/2025-03-11\/h7r8zq\" class=\"form-iframe form-iframe-contactform\"><\/iframe>\n                            <\/div>\n\n        <\/div>\n    <\/div>\n","protected":false},"excerpt":{"rendered":"","protected":false},"author":465,"featured_media":0,"parent":19067,"menu_order":0,"comment_status":"closed","ping_status":"closed","template":"","meta":{"_acf_changed":false,"_cr_original_post":"","_cr_replace_post_id":"","_cr_replacing_post_id":"","footnotes":""},"class_list":["post-24510","page","type-page","status-publish","hentry"],"yoast_head":"<!-- This site is optimized with the Yoast SEO Premium plugin v26.8 (Yoast SEO v26.8) - https:\/\/yoast.com\/product\/yoast-seo-premium-wordpress\/ -->\n<title>eStreams | GxP Workflow Automation | Orise Digital<\/title>\n<meta name=\"description\" content=\"Progettato per l&#039;industria farmaceutica, sblocca tutto il potenziale dell&#039;automazione dei flussi di lavoro GxP con eStreams di Orise Digital.\" \/>\n<meta name=\"robots\" content=\"index, follow, max-snippet:-1, max-image-preview:large, max-video-preview:-1\" \/>\n<link rel=\"canonical\" href=\"https:\/\/ats-automation-develop.go-vip.net\/pas\/it\/digital-products\/estreams\/\" \/>\n<meta property=\"og:locale\" content=\"it_IT\" \/>\n<meta property=\"og:type\" content=\"article\" \/>\n<meta property=\"og:title\" content=\"eStreams\" \/>\n<meta property=\"og:description\" content=\"Progettato per l&#039;industria farmaceutica, sblocca tutto il potenziale dell&#039;automazione dei flussi di lavoro GxP con eStreams di Orise Digital.\" \/>\n<meta property=\"og:url\" content=\"https:\/\/ats-automation-develop.go-vip.net\/pas\/it\/digital-products\/estreams\/\" \/>\n<meta property=\"og:site_name\" content=\"Orise\" \/>\n<meta property=\"article:modified_time\" content=\"2025-11-04T15:10:27+00:00\" \/>\n<meta name=\"twitter:card\" content=\"summary_large_image\" \/>\n<script type=\"application\/ld+json\" class=\"yoast-schema-graph\">{\"@context\":\"https:\/\/schema.org\",\"@graph\":[{\"@type\":\"WebPage\",\"@id\":\"https:\/\/ats-automation-develop.go-vip.net\/pas\/it\/digital-products\/estreams\/\",\"url\":\"https:\/\/ats-automation-develop.go-vip.net\/pas\/it\/digital-products\/estreams\/\",\"name\":\"eStreams | GxP Workflow Automation | Orise Digital\",\"isPartOf\":{\"@id\":\"https:\/\/ats-automation-develop.go-vip.net\/pas\/it\/#website\"},\"datePublished\":\"2025-03-31T17:27:47+00:00\",\"dateModified\":\"2025-11-04T15:10:27+00:00\",\"description\":\"Progettato per l'industria farmaceutica, sblocca tutto il potenziale dell'automazione dei flussi di lavoro GxP con eStreams di Orise Digital.\",\"breadcrumb\":{\"@id\":\"https:\/\/ats-automation-develop.go-vip.net\/pas\/it\/digital-products\/estreams\/#breadcrumb\"},\"inLanguage\":\"it-IT\",\"potentialAction\":[{\"@type\":\"ReadAction\",\"target\":[\"https:\/\/ats-automation-develop.go-vip.net\/pas\/it\/digital-products\/estreams\/\"]}]},{\"@type\":\"BreadcrumbList\",\"@id\":\"https:\/\/ats-automation-develop.go-vip.net\/pas\/it\/digital-products\/estreams\/#breadcrumb\",\"itemListElement\":[{\"@type\":\"ListItem\",\"position\":1,\"name\":\"Home\",\"item\":\"https:\/\/ats-automation-develop.go-vip.net\/pas\/it\/\"},{\"@type\":\"ListItem\",\"position\":2,\"name\":\"Digital Products\",\"item\":\"https:\/\/ats-automation-develop.go-vip.net\/pas\/it\/digital-products\/\"},{\"@type\":\"ListItem\",\"position\":3,\"name\":\"eStreams\"}]},{\"@type\":\"WebSite\",\"@id\":\"https:\/\/ats-automation-develop.go-vip.net\/pas\/it\/#website\",\"url\":\"https:\/\/ats-automation-develop.go-vip.net\/pas\/it\/\",\"name\":\"Orise\",\"description\":\"Unlock your full potential.\",\"publisher\":{\"@id\":\"https:\/\/ats-automation-develop.go-vip.net\/pas\/it\/#organization\"},\"potentialAction\":[{\"@type\":\"SearchAction\",\"target\":{\"@type\":\"EntryPoint\",\"urlTemplate\":\"https:\/\/ats-automation-develop.go-vip.net\/pas\/it\/?s={search_term_string}\"},\"query-input\":{\"@type\":\"PropertyValueSpecification\",\"valueRequired\":true,\"valueName\":\"search_term_string\"}}],\"inLanguage\":\"it-IT\"},{\"@type\":\"Organization\",\"@id\":\"https:\/\/ats-automation-develop.go-vip.net\/pas\/it\/#organization\",\"name\":\"Orise\",\"url\":\"https:\/\/ats-automation-develop.go-vip.net\/pas\/it\/\",\"logo\":{\"@type\":\"ImageObject\",\"inLanguage\":\"it-IT\",\"@id\":\"https:\/\/ats-automation-develop.go-vip.net\/pas\/it\/#\/schema\/logo\/image\/\",\"url\":\"https:\/\/ats-automation-develop.go-vip.net\/pas\/wp-content\/uploads\/sites\/38\/2025\/04\/cropped-Orise-Circle-Icon-Website-V1-1.png\",\"contentUrl\":\"https:\/\/ats-automation-develop.go-vip.net\/pas\/wp-content\/uploads\/sites\/38\/2025\/04\/cropped-Orise-Circle-Icon-Website-V1-1.png\",\"width\":512,\"height\":512,\"caption\":\"Orise\"},\"image\":{\"@id\":\"https:\/\/ats-automation-develop.go-vip.net\/pas\/it\/#\/schema\/logo\/image\/\"}}]}<\/script>\n<!-- \/ Yoast SEO Premium plugin. -->","yoast_head_json":{"title":"eStreams | GxP Workflow Automation | Orise Digital","description":"Progettato per l'industria farmaceutica, sblocca tutto il potenziale dell'automazione dei flussi di lavoro GxP con eStreams di Orise Digital.","robots":{"index":"index","follow":"follow","max-snippet":"max-snippet:-1","max-image-preview":"max-image-preview:large","max-video-preview":"max-video-preview:-1"},"canonical":"https:\/\/ats-automation-develop.go-vip.net\/pas\/it\/digital-products\/estreams\/","og_locale":"it_IT","og_type":"article","og_title":"eStreams","og_description":"Progettato per l'industria farmaceutica, sblocca tutto il potenziale dell'automazione dei flussi di lavoro GxP con eStreams di Orise Digital.","og_url":"https:\/\/ats-automation-develop.go-vip.net\/pas\/it\/digital-products\/estreams\/","og_site_name":"Orise","article_modified_time":"2025-11-04T15:10:27+00:00","twitter_card":"summary_large_image","schema":{"@context":"https:\/\/schema.org","@graph":[{"@type":"WebPage","@id":"https:\/\/ats-automation-develop.go-vip.net\/pas\/it\/digital-products\/estreams\/","url":"https:\/\/ats-automation-develop.go-vip.net\/pas\/it\/digital-products\/estreams\/","name":"eStreams | GxP Workflow Automation | Orise Digital","isPartOf":{"@id":"https:\/\/ats-automation-develop.go-vip.net\/pas\/it\/#website"},"datePublished":"2025-03-31T17:27:47+00:00","dateModified":"2025-11-04T15:10:27+00:00","description":"Progettato per l'industria farmaceutica, sblocca tutto il potenziale dell'automazione dei flussi di lavoro GxP con eStreams di Orise Digital.","breadcrumb":{"@id":"https:\/\/ats-automation-develop.go-vip.net\/pas\/it\/digital-products\/estreams\/#breadcrumb"},"inLanguage":"it-IT","potentialAction":[{"@type":"ReadAction","target":["https:\/\/ats-automation-develop.go-vip.net\/pas\/it\/digital-products\/estreams\/"]}]},{"@type":"BreadcrumbList","@id":"https:\/\/ats-automation-develop.go-vip.net\/pas\/it\/digital-products\/estreams\/#breadcrumb","itemListElement":[{"@type":"ListItem","position":1,"name":"Home","item":"https:\/\/ats-automation-develop.go-vip.net\/pas\/it\/"},{"@type":"ListItem","position":2,"name":"Digital Products","item":"https:\/\/ats-automation-develop.go-vip.net\/pas\/it\/digital-products\/"},{"@type":"ListItem","position":3,"name":"eStreams"}]},{"@type":"WebSite","@id":"https:\/\/ats-automation-develop.go-vip.net\/pas\/it\/#website","url":"https:\/\/ats-automation-develop.go-vip.net\/pas\/it\/","name":"Orise","description":"Unlock your full potential.","publisher":{"@id":"https:\/\/ats-automation-develop.go-vip.net\/pas\/it\/#organization"},"potentialAction":[{"@type":"SearchAction","target":{"@type":"EntryPoint","urlTemplate":"https:\/\/ats-automation-develop.go-vip.net\/pas\/it\/?s={search_term_string}"},"query-input":{"@type":"PropertyValueSpecification","valueRequired":true,"valueName":"search_term_string"}}],"inLanguage":"it-IT"},{"@type":"Organization","@id":"https:\/\/ats-automation-develop.go-vip.net\/pas\/it\/#organization","name":"Orise","url":"https:\/\/ats-automation-develop.go-vip.net\/pas\/it\/","logo":{"@type":"ImageObject","inLanguage":"it-IT","@id":"https:\/\/ats-automation-develop.go-vip.net\/pas\/it\/#\/schema\/logo\/image\/","url":"https:\/\/ats-automation-develop.go-vip.net\/pas\/wp-content\/uploads\/sites\/38\/2025\/04\/cropped-Orise-Circle-Icon-Website-V1-1.png","contentUrl":"https:\/\/ats-automation-develop.go-vip.net\/pas\/wp-content\/uploads\/sites\/38\/2025\/04\/cropped-Orise-Circle-Icon-Website-V1-1.png","width":512,"height":512,"caption":"Orise"},"image":{"@id":"https:\/\/ats-automation-develop.go-vip.net\/pas\/it\/#\/schema\/logo\/image\/"}}]}},"acf":[],"jetpack-related-posts":[],"jetpack_sharing_enabled":true,"_links":{"self":[{"href":"https:\/\/ats-automation-develop.go-vip.net\/pas\/it\/wp-json\/wp\/v2\/pages\/24510","targetHints":{"allow":["GET"]}}],"collection":[{"href":"https:\/\/ats-automation-develop.go-vip.net\/pas\/it\/wp-json\/wp\/v2\/pages"}],"about":[{"href":"https:\/\/ats-automation-develop.go-vip.net\/pas\/it\/wp-json\/wp\/v2\/types\/page"}],"author":[{"embeddable":true,"href":"https:\/\/ats-automation-develop.go-vip.net\/pas\/it\/wp-json\/wp\/v2\/users\/465"}],"replies":[{"embeddable":true,"href":"https:\/\/ats-automation-develop.go-vip.net\/pas\/it\/wp-json\/wp\/v2\/comments?post=24510"}],"version-history":[{"count":18,"href":"https:\/\/ats-automation-develop.go-vip.net\/pas\/it\/wp-json\/wp\/v2\/pages\/24510\/revisions"}],"predecessor-version":[{"id":33062,"href":"https:\/\/ats-automation-develop.go-vip.net\/pas\/it\/wp-json\/wp\/v2\/pages\/24510\/revisions\/33062"}],"up":[{"embeddable":true,"href":"https:\/\/ats-automation-develop.go-vip.net\/pas\/it\/wp-json\/wp\/v2\/pages\/19067"}],"wp:attachment":[{"href":"https:\/\/ats-automation-develop.go-vip.net\/pas\/it\/wp-json\/wp\/v2\/media?parent=24510"}],"curies":[{"name":"wp","href":"https:\/\/api.w.org\/{rel}","templated":true}]}}