{"id":19233,"date":"2025-03-03T05:35:42","date_gmt":"2025-03-03T05:35:42","guid":{"rendered":"https:\/\/ats-automation-develop.go-vip.net\/pas\/digital-products\/p-sorter\/"},"modified":"2025-04-20T20:27:20","modified_gmt":"2025-04-20T20:27:20","slug":"gxp-data-integrity","status":"publish","type":"page","link":"https:\/\/ats-automation-develop.go-vip.net\/pas\/it\/digital-products\/gxp-data-integrity\/","title":{"rendered":"GxP Data Integrity"},"content":{"rendered":"<div id=\"pageheader-block_fcbf932c377e15621e1a19fc82cfc9dc\" class=\"content-row content-row-pageheader background_darken pageheader\">\n        <div class=\"contentPart-fixed\">\n        <div class=\"contentPart-inner\">\n            <div class=\"contentPart-text width-100\">\n                <h1>\n                                        GxP Data Integrity                                    <\/h1>\n                <h2 class=\"trans\">\n                                    <\/h2>\n                                            <\/div>\n        <\/div>\n    <\/div>\n    <div class=\"slidedown-button editor-hide\">\n        <span class=\"slidedown-label\"><\/span>\n        <img decoding=\"async\" src=\"https:\/\/ats-automation-develop.go-vip.net\/pas\/wp-content\/themes\/ats-orise\/img\/doubble-arrow-down.svg\" alt=\"\"\n            class=\"slidedown-icon\">\n    <\/div>\n<\/div>\n\n\n    <div id=\"textimage-block_8f2f9aebfc027721e50934606b0b6a5e\" class=\"content-row content-row-textimage background_blue  textimage\">\n        <div class=\"contentPart-inner\">\n            <div class=\"contentPart-text width-50\">\n                <h2 class=\"trans text-blue \">\n                                            EASY UP AUDIT TRAIL REVIEW                                                        <\/h2>\n                <div class=\"textInput trans\">\n                                            <p>P-Sorter \u00e8 un reviewer pensato per raccogliere e confrontare i dati analitici e i dati di audit trail in ogni area di lavoro di un\u2019azienda farmaceutica.<\/p>\n<p>E\u2019 semplice, intuitivo e facile da utilizzare: questo strumento si assicura che tutto ci\u00f2 che \u00e8 presente nel sistema sia stato rivisto, prendendo evidenza di tutti i controlli e generando report con standard GMP.<\/p>\n<p>L\u2019architettura del suo sistema di automazione garantisce flessibilit\u00e0 ed espandiblit\u00e0 nel tempo senza influire sui processi gi\u00e0 automatizzati.<\/p>\n<p>All\u2019interno di P-Sorter non c\u2019\u00e8 limite al numero di strumenti di laboratorio: l\u2019utente pu\u00f2 selezionare il tipo di strumenti e inserirli o rimuoverli completamente in autonomia.<\/p>\n                                    <\/div>\n                                            <\/div>\n            <div class=\"contentPart-image width-50 trans \">\n                                                    <img decoding=\"async\" src=\"https:\/\/ats-automation-develop.go-vip.net\/pas\/wp-content\/uploads\/sites\/38\/2025\/03\/woman-is-working-laboratory-pcr-test-ai-generated.jpg?w=1024\" alt=\"female scientist working lab pcr test\" class=\"textbildimg\">\n                            <\/div>\n        <\/div>\n    <\/div>\n\n\n    <div id=\"textimage-block_94b414d652ca18e0454978dc956a9fe1\" class=\"content-row content-row-textimage background_darken  textimage\">\n        <div class=\"contentPart-inner\">\n            <div class=\"contentPart-text width-50\">\n                <h2 class=\"trans text-blue \">\n                                            PUNTI CHIAVE                                                        <\/h2>\n                <div class=\"textInput trans\">\n                                            <ul>\n<li class=\"li1\">Revisione di tutti i dati ricevuti ed evidenza di tutti i controlli effettuati<\/li>\n<li class=\"li1\">Implementazione rapida e<span class=\"Apple-converted-space\">\u00a0\u00a0<\/span>a basso impatto, inoltre \u00e8 facile da usare e non sono necessarie istruzioni<\/li>\n<li class=\"li1\">95% del tempo dell\u2019operatore risparmiato a controllare i dati<\/li>\n<li class=\"li1\">Elaborazione di report di manomissione dei dati<\/li>\n<li class=\"li1\">APP disponibile su ogni dispositivo, con tecnologia web server<\/li>\n<li class=\"li1\">Compatibile con norme Data Integrity e CFR 21 Part 11<\/li>\n<\/ul>\n                                    <\/div>\n                                            <\/div>\n            <div class=\"contentPart-image width-50 trans \">\n                                                    <img decoding=\"async\" src=\"https:\/\/ats-automation-develop.go-vip.net\/pas\/wp-content\/uploads\/sites\/38\/2025\/03\/two-business-partnership-coworkers-analysis-strategy-gesturing-with-discussing-financial-plan.jpg?w=1024\" alt=\"\" class=\"textbildimg\">\n                            <\/div>\n        <\/div>\n    <\/div>\n\n\n    <div id=\"textimage-block_2a1a9c15638b9138fc2bcf621df3d1e2\" class=\"content-row content-row-textimage background_blue  textimage\">\n        <div class=\"contentPart-inner\">\n            <div class=\"contentPart-text width-50\">\n                <h2 class=\"trans text-blue \">\n                                            STORIA DI SUCCESSO IN TAKEDA                                                        <\/h2>\n                <div class=\"textInput trans\">\n                                            <p>&nbsp;<\/p>\n<p class=\"p1\">Gli aspetti pi\u00f9 importanti per Takeda sono stati:<\/p>\n<ol>\n<li>\n<ol class=\"ol1\">\n<li class=\"li1\">Poter raccogliere e confrontare insieme dati analitici e audit trail<\/li>\n<li class=\"li1\">Riuscire a garantire che tutto il sistema sia stato esaminato<\/li>\n<li class=\"li1\">Riuscire a evidenziare tutti i controlli effettuati nel processo<\/li>\n<li class=\"li1\">Ottenere una implementazione veloce e a basso impatto<\/li>\n<\/ol>\n<\/li>\n<\/ol>\n<ol>\n<li style=\"list-style-type: none\">\n<ol>\n<li style=\"list-style-type: none\"><\/li>\n<\/ol>\n<\/li>\n<\/ol>\n                                    <\/div>\n                                            <\/div>\n            <div class=\"contentPart-image width-50 trans \">\n                                                    <img decoding=\"async\" src=\"https:\/\/ats-automation-develop.go-vip.net\/pas\/wp-content\/uploads\/sites\/38\/2025\/03\/standard-quality-control-collage-concept.jpg?w=1024\" alt=\"\" class=\"textbildimg\">\n                            <\/div>\n        <\/div>\n    <\/div>\n\n\n    <div id=\"contactform-block_1d5f4f837a466f0d8638358e7c110dc9\" class=\"content-row content-row-contactform  background_darken contactform\">\n        <div class=\"contentPart-inner\">\n\n            <div class=\"contentPart-text width-100\">\n                                    <h2 class=\"text-blue content-row-headline trans\">\n                        Parla oggi con i nostri esperti del settore:                    <\/h2>\n                            <\/div>\n\n            <div class=\"contactform-wrapper trans\">\n                                    <iframe src=\"https:\/\/go.atsautomation.com\/l\/651873\/2025-03-11\/h7r8zq\" class=\"form-iframe form-iframe-contactform\"><\/iframe>\n                            <\/div>\n\n        <\/div>\n    <\/div>\n","protected":false},"excerpt":{"rendered":"","protected":false},"author":465,"featured_media":0,"parent":19067,"menu_order":0,"comment_status":"closed","ping_status":"closed","template":"","meta":{"_acf_changed":false,"_cr_original_post":"","_cr_replace_post_id":"","_cr_replacing_post_id":"","footnotes":""},"class_list":["post-19233","page","type-page","status-publish","hentry"],"yoast_head":"<!-- This site is optimized with the Yoast SEO Premium plugin v26.8 (Yoast SEO v26.8) - https:\/\/yoast.com\/product\/yoast-seo-premium-wordpress\/ -->\n<title>GxP Data Integrity | Orise<\/title>\n<meta name=\"description\" content=\"GxP Data Integrity \u00e8 un reviewer pensato per raccogliere e confrontare i dati analitici e di audit trail in ogni area di un\u2019azienda farmaceutica.\" \/>\n<meta name=\"robots\" content=\"index, follow, max-snippet:-1, max-image-preview:large, max-video-preview:-1\" \/>\n<link rel=\"canonical\" href=\"https:\/\/ats-automation-develop.go-vip.net\/pas\/it\/digital-products\/gxp-data-integrity\/\" \/>\n<meta property=\"og:locale\" content=\"it_IT\" \/>\n<meta property=\"og:type\" content=\"article\" \/>\n<meta property=\"og:title\" content=\"GxP Data Integrity\" \/>\n<meta property=\"og:description\" content=\"GxP Data Integrity \u00e8 un reviewer pensato per raccogliere e confrontare i dati analitici e di audit trail in ogni area di un\u2019azienda farmaceutica.\" \/>\n<meta property=\"og:url\" content=\"https:\/\/ats-automation-develop.go-vip.net\/pas\/it\/digital-products\/gxp-data-integrity\/\" \/>\n<meta property=\"og:site_name\" content=\"Orise\" \/>\n<meta property=\"article:modified_time\" content=\"2025-04-20T20:27:20+00:00\" \/>\n<meta name=\"twitter:card\" content=\"summary_large_image\" \/>\n<script type=\"application\/ld+json\" class=\"yoast-schema-graph\">{\"@context\":\"https:\/\/schema.org\",\"@graph\":[{\"@type\":\"WebPage\",\"@id\":\"https:\/\/ats-automation-develop.go-vip.net\/pas\/it\/digital-products\/gxp-data-integrity\/\",\"url\":\"https:\/\/ats-automation-develop.go-vip.net\/pas\/it\/digital-products\/gxp-data-integrity\/\",\"name\":\"GxP Data Integrity | Orise\",\"isPartOf\":{\"@id\":\"https:\/\/ats-automation-develop.go-vip.net\/pas\/it\/#website\"},\"datePublished\":\"2025-03-03T05:35:42+00:00\",\"dateModified\":\"2025-04-20T20:27:20+00:00\",\"description\":\"GxP Data Integrity \u00e8 un reviewer pensato per raccogliere e confrontare i dati analitici e di audit trail in ogni area di un\u2019azienda farmaceutica.\",\"breadcrumb\":{\"@id\":\"https:\/\/ats-automation-develop.go-vip.net\/pas\/it\/digital-products\/gxp-data-integrity\/#breadcrumb\"},\"inLanguage\":\"it-IT\",\"potentialAction\":[{\"@type\":\"ReadAction\",\"target\":[\"https:\/\/ats-automation-develop.go-vip.net\/pas\/it\/digital-products\/gxp-data-integrity\/\"]}]},{\"@type\":\"BreadcrumbList\",\"@id\":\"https:\/\/ats-automation-develop.go-vip.net\/pas\/it\/digital-products\/gxp-data-integrity\/#breadcrumb\",\"itemListElement\":[{\"@type\":\"ListItem\",\"position\":1,\"name\":\"Home\",\"item\":\"https:\/\/ats-automation-develop.go-vip.net\/pas\/it\/\"},{\"@type\":\"ListItem\",\"position\":2,\"name\":\"Digital Products\",\"item\":\"https:\/\/ats-automation-develop.go-vip.net\/pas\/it\/digital-products\/\"},{\"@type\":\"ListItem\",\"position\":3,\"name\":\"GxP Data Integrity\"}]},{\"@type\":\"WebSite\",\"@id\":\"https:\/\/ats-automation-develop.go-vip.net\/pas\/it\/#website\",\"url\":\"https:\/\/ats-automation-develop.go-vip.net\/pas\/it\/\",\"name\":\"Orise\",\"description\":\"Unlock your full potential.\",\"publisher\":{\"@id\":\"https:\/\/ats-automation-develop.go-vip.net\/pas\/it\/#organization\"},\"potentialAction\":[{\"@type\":\"SearchAction\",\"target\":{\"@type\":\"EntryPoint\",\"urlTemplate\":\"https:\/\/ats-automation-develop.go-vip.net\/pas\/it\/?s={search_term_string}\"},\"query-input\":{\"@type\":\"PropertyValueSpecification\",\"valueRequired\":true,\"valueName\":\"search_term_string\"}}],\"inLanguage\":\"it-IT\"},{\"@type\":\"Organization\",\"@id\":\"https:\/\/ats-automation-develop.go-vip.net\/pas\/it\/#organization\",\"name\":\"Orise\",\"url\":\"https:\/\/ats-automation-develop.go-vip.net\/pas\/it\/\",\"logo\":{\"@type\":\"ImageObject\",\"inLanguage\":\"it-IT\",\"@id\":\"https:\/\/ats-automation-develop.go-vip.net\/pas\/it\/#\/schema\/logo\/image\/\",\"url\":\"https:\/\/ats-automation-develop.go-vip.net\/pas\/wp-content\/uploads\/sites\/38\/2025\/04\/cropped-Orise-Circle-Icon-Website-V1-1.png\",\"contentUrl\":\"https:\/\/ats-automation-develop.go-vip.net\/pas\/wp-content\/uploads\/sites\/38\/2025\/04\/cropped-Orise-Circle-Icon-Website-V1-1.png\",\"width\":512,\"height\":512,\"caption\":\"Orise\"},\"image\":{\"@id\":\"https:\/\/ats-automation-develop.go-vip.net\/pas\/it\/#\/schema\/logo\/image\/\"}}]}<\/script>\n<!-- \/ Yoast SEO Premium plugin. -->","yoast_head_json":{"title":"GxP Data Integrity | Orise","description":"GxP Data Integrity \u00e8 un reviewer pensato per raccogliere e confrontare i dati analitici e di audit trail in ogni area di un\u2019azienda farmaceutica.","robots":{"index":"index","follow":"follow","max-snippet":"max-snippet:-1","max-image-preview":"max-image-preview:large","max-video-preview":"max-video-preview:-1"},"canonical":"https:\/\/ats-automation-develop.go-vip.net\/pas\/it\/digital-products\/gxp-data-integrity\/","og_locale":"it_IT","og_type":"article","og_title":"GxP Data Integrity","og_description":"GxP Data Integrity \u00e8 un reviewer pensato per raccogliere e confrontare i dati analitici e di audit trail in ogni area di un\u2019azienda farmaceutica.","og_url":"https:\/\/ats-automation-develop.go-vip.net\/pas\/it\/digital-products\/gxp-data-integrity\/","og_site_name":"Orise","article_modified_time":"2025-04-20T20:27:20+00:00","twitter_card":"summary_large_image","schema":{"@context":"https:\/\/schema.org","@graph":[{"@type":"WebPage","@id":"https:\/\/ats-automation-develop.go-vip.net\/pas\/it\/digital-products\/gxp-data-integrity\/","url":"https:\/\/ats-automation-develop.go-vip.net\/pas\/it\/digital-products\/gxp-data-integrity\/","name":"GxP Data Integrity | Orise","isPartOf":{"@id":"https:\/\/ats-automation-develop.go-vip.net\/pas\/it\/#website"},"datePublished":"2025-03-03T05:35:42+00:00","dateModified":"2025-04-20T20:27:20+00:00","description":"GxP Data Integrity \u00e8 un reviewer pensato per raccogliere e confrontare i dati analitici e di audit trail in ogni area di un\u2019azienda farmaceutica.","breadcrumb":{"@id":"https:\/\/ats-automation-develop.go-vip.net\/pas\/it\/digital-products\/gxp-data-integrity\/#breadcrumb"},"inLanguage":"it-IT","potentialAction":[{"@type":"ReadAction","target":["https:\/\/ats-automation-develop.go-vip.net\/pas\/it\/digital-products\/gxp-data-integrity\/"]}]},{"@type":"BreadcrumbList","@id":"https:\/\/ats-automation-develop.go-vip.net\/pas\/it\/digital-products\/gxp-data-integrity\/#breadcrumb","itemListElement":[{"@type":"ListItem","position":1,"name":"Home","item":"https:\/\/ats-automation-develop.go-vip.net\/pas\/it\/"},{"@type":"ListItem","position":2,"name":"Digital Products","item":"https:\/\/ats-automation-develop.go-vip.net\/pas\/it\/digital-products\/"},{"@type":"ListItem","position":3,"name":"GxP Data Integrity"}]},{"@type":"WebSite","@id":"https:\/\/ats-automation-develop.go-vip.net\/pas\/it\/#website","url":"https:\/\/ats-automation-develop.go-vip.net\/pas\/it\/","name":"Orise","description":"Unlock your full potential.","publisher":{"@id":"https:\/\/ats-automation-develop.go-vip.net\/pas\/it\/#organization"},"potentialAction":[{"@type":"SearchAction","target":{"@type":"EntryPoint","urlTemplate":"https:\/\/ats-automation-develop.go-vip.net\/pas\/it\/?s={search_term_string}"},"query-input":{"@type":"PropertyValueSpecification","valueRequired":true,"valueName":"search_term_string"}}],"inLanguage":"it-IT"},{"@type":"Organization","@id":"https:\/\/ats-automation-develop.go-vip.net\/pas\/it\/#organization","name":"Orise","url":"https:\/\/ats-automation-develop.go-vip.net\/pas\/it\/","logo":{"@type":"ImageObject","inLanguage":"it-IT","@id":"https:\/\/ats-automation-develop.go-vip.net\/pas\/it\/#\/schema\/logo\/image\/","url":"https:\/\/ats-automation-develop.go-vip.net\/pas\/wp-content\/uploads\/sites\/38\/2025\/04\/cropped-Orise-Circle-Icon-Website-V1-1.png","contentUrl":"https:\/\/ats-automation-develop.go-vip.net\/pas\/wp-content\/uploads\/sites\/38\/2025\/04\/cropped-Orise-Circle-Icon-Website-V1-1.png","width":512,"height":512,"caption":"Orise"},"image":{"@id":"https:\/\/ats-automation-develop.go-vip.net\/pas\/it\/#\/schema\/logo\/image\/"}}]}},"acf":[],"jetpack-related-posts":[],"jetpack_sharing_enabled":true,"_links":{"self":[{"href":"https:\/\/ats-automation-develop.go-vip.net\/pas\/it\/wp-json\/wp\/v2\/pages\/19233","targetHints":{"allow":["GET"]}}],"collection":[{"href":"https:\/\/ats-automation-develop.go-vip.net\/pas\/it\/wp-json\/wp\/v2\/pages"}],"about":[{"href":"https:\/\/ats-automation-develop.go-vip.net\/pas\/it\/wp-json\/wp\/v2\/types\/page"}],"author":[{"embeddable":true,"href":"https:\/\/ats-automation-develop.go-vip.net\/pas\/it\/wp-json\/wp\/v2\/users\/465"}],"replies":[{"embeddable":true,"href":"https:\/\/ats-automation-develop.go-vip.net\/pas\/it\/wp-json\/wp\/v2\/comments?post=19233"}],"version-history":[{"count":4,"href":"https:\/\/ats-automation-develop.go-vip.net\/pas\/it\/wp-json\/wp\/v2\/pages\/19233\/revisions"}],"predecessor-version":[{"id":24713,"href":"https:\/\/ats-automation-develop.go-vip.net\/pas\/it\/wp-json\/wp\/v2\/pages\/19233\/revisions\/24713"}],"up":[{"embeddable":true,"href":"https:\/\/ats-automation-develop.go-vip.net\/pas\/it\/wp-json\/wp\/v2\/pages\/19067"}],"wp:attachment":[{"href":"https:\/\/ats-automation-develop.go-vip.net\/pas\/it\/wp-json\/wp\/v2\/media?parent=19233"}],"curies":[{"name":"wp","href":"https:\/\/api.w.org\/{rel}","templated":true}]}}