{"id":24935,"date":"2025-03-03T06:10:34","date_gmt":"2025-03-03T06:10:34","guid":{"rendered":"https:\/\/ats-automation-develop.go-vip.net\/pas\/revamping\/"},"modified":"2025-10-06T14:09:38","modified_gmt":"2025-10-06T14:09:38","slug":"revamping","status":"publish","type":"page","link":"https:\/\/ats-automation-develop.go-vip.net\/pas\/de\/revamping\/","title":{"rendered":"Brownfields + Revamping"},"content":{"rendered":"<div id=\"pageheader-block_4491158d5e7905b927e53fd2223f3938\" class=\"content-row content-row-pageheader bg-base pageheader\">\n        <div class=\"contentPart-fixed\">\n        <div class=\"contentPart-inner\">\n            <div class=\"contentPart-text width-100\">\n                <h1>\n                                        Brownfields + Revamping                                    <\/h1>\n                <h2 class=\"trans\">\n                                    <\/h2>\n                                            <\/div>\n        <\/div>\n    <\/div>\n    <div class=\"slidedown-button editor-hide\">\n        <span class=\"slidedown-label\">Mehr erfahren<\/span>\n        <img decoding=\"async\" src=\"https:\/\/ats-automation-develop.go-vip.net\/pas\/wp-content\/themes\/ats-orise\/img\/doubble-arrow-down.svg\" alt=\"\"\n            class=\"slidedown-icon\">\n    <\/div>\n<\/div>\n\n\n    <div id=\"textimage-block_c46150ff183db373afb2246b7612c480\" class=\"content-row content-row-textimage background_blue  textimage\">\n        <div class=\"contentPart-inner\">\n            <div class=\"contentPart-text width-50\">\n                <h2 class=\"trans text-blue \">\n                                            Revamping                                                        <\/h2>\n                <div class=\"textInput trans\">\n                                            <p>Das Ziel unserer \u00dcberholungsarbeiten ist es, den Lebenszyklus jeder Maschine in einer Anlage als Teil des Produktionsprozesses zu verl\u00e4ngern.<\/p>\n<p>&nbsp;<\/p>\n<p>Dies umfasst haupts\u00e4chlich:<\/p>\n<ul>\n<li>Die Aufr\u00fcstung bestehender Maschinen, um die Produktivit\u00e4t zu steigern<\/li>\n<li>Die Aktualisierung von Ausr\u00fcstungen gem\u00e4\u00df aktueller Sicherheitsvorschriften<\/li>\n<li>Eine technologische und innovative Modernisierung der Maschinen, um Effizienz und Wiederinbetriebnahme sicherzustellen und Ausfallzeiten zu vermeiden<\/li>\n<li>Erh\u00f6hung der Sicherheit und Produktivit\u00e4t innerhalb der Anlage, wodurch die volle Einhaltung der Sicherheitsvorschriften und der CFR21 Teil 11 sowie der Datenintegrit\u00e4t gew\u00e4hrleistet wird<\/li>\n<\/ul>\n<p>&nbsp;<\/p>\n<p>&nbsp;<\/p>\n<p class=\"p1\">Das \u00dcberholen einer bestehenden Maschine spart auch Budget, da der Kauf neuer Ausr\u00fcstung vermieden wird, w\u00e4hrend dennoch neue Funktionen integriert werden, um das System an aktuelle Produktionsanforderungen (z. B. numerische Steuerung) anzupassen und dieselben Anforderungen an Leistung, Geschwindigkeit, Produktion und Sicherheit zu erf\u00fcllen.<\/p>\n                                    <\/div>\n                                            <\/div>\n            <div class=\"contentPart-image width-50 trans \">\n                                                    <img decoding=\"async\" src=\"https:\/\/ats-automation-develop.go-vip.net\/pas\/wp-content\/uploads\/sites\/38\/2025\/03\/hsg-system.jpg?w=711\" alt=\"\" class=\"textbildimg\">\n                            <\/div>\n        <\/div>\n    <\/div>\n\n\n    <div id=\"textimage-block_9ee3ae30dfef67a09d769aea4c804353\" class=\"content-row content-row-textimage background_darken  textimage\">\n        <div class=\"contentPart-inner\">\n            <div class=\"contentPart-text width-50\">\n                <h2 class=\"trans text-blue \">\n                                            Wann ist eine Modernisierung notwendig?                                                        <\/h2>\n                <div class=\"textInput trans\">\n                                            <p>Die Modernisierung von Anlagen verhindert auch die Veralterung elektrischer Komponenten wie SPS, Antriebe, HMIs, Motoren und Sensoren, die aufger\u00fcstet werden, sowie der Software selbst, die auf die neuesten Funktionen aktualisiert wird.<\/p>\n<ul>\n<li>Wenn eine oder mehrere Maschinen st\u00e4ndig gewartet werden m\u00fcssen, was viel Zeit vom Produktionszyklus in Anspruch nimmt oder sogar die Linie stoppt<\/li>\n<li>Wenn die Software neu geschrieben werden muss, weil die SPS nicht mehr produziert wird<\/li>\n<li>Wenn eine Produktionskontrolle mit strukturierter Technologie, einschlie\u00dflich eines Echtzeit-Dialogs der Maschinen, erforderlich wird<\/li>\n<li>Wenn eine oder mehrere Maschinen nicht die Qualit\u00e4t und Sicherheit einhalten, die von den pharmaspezifischen Standards gefordert werden<\/li>\n<\/ul>\n                                    <\/div>\n                                            <\/div>\n            <div class=\"contentPart-image width-50 trans \">\n                                                    <img decoding=\"async\" src=\"https:\/\/ats-automation-develop.go-vip.net\/pas\/wp-content\/uploads\/sites\/38\/2025\/03\/Revamping-Process.gif?w=1024\" alt=\"\" class=\"textbildimg\">\n                            <\/div>\n        <\/div>\n    <\/div>\n\n\n    <div id=\"singletext-block_4b0c67ea7f570895f945da6f10991c7c\" class=\"content-row content-row-singletext bg-base   singletext\">\n        <div class=\"contentPart-inner\">\n            <div class=\"contentPart-text width-100\">\n                <h2 class=\" content-row-headline trans\">\n                                    <\/h2>\n                <div class=\"contentPart-textbox textInput trans\">\n                    <p>Die Modernisierung von Anlagen verhindert auch die Veralterung elektrischer Komponenten wie SPS, Antriebe, HMIs, Motoren und Sensoren, die alle aufger\u00fcstet werden, sowie der Software selbst, die auf die neuesten Funktionen aktualisiert wird.<\/p>\n                <\/div>\n            <\/div>\n        <\/div>\n    <\/div>\n\n\n<div id=\"content_carousel-block_3c53f08e44fb0313cb8e6eee64620ca1\"\n    class=\"content-row content-row-imagetext_carousel content-row-content_carousel trans background_blue content_carousel\">\n    <div class=\"contentPart-inner\">\n        <div class=\"Infoline\">\n            <p>Neugestaltung im echten Leben<\/p>\n        <\/div>\n        <div class=\"subline\">\n            <p><\/p>\n            <div class=\"content_carousel-arrows\">\n                <div class=\"scroll-arrow scroll-left editor-hide\"><img decoding=\"async\"\n                        src=\"https:\/\/ats-automation-develop.go-vip.net\/pas\/wp-content\/themes\/ats-orise\/img\/keyboard_arrow_left.svg\"\n                        class=\"sliderarrow\" alt=\"\">\n                <\/div>\n                <div class=\"scroll-arrow scroll-right editor-hide\"><img decoding=\"async\"\n                        src=\"https:\/\/ats-automation-develop.go-vip.net\/pas\/wp-content\/themes\/ats-orise\/img\/keyboard_arrow_right.svg\"\n                        class=\"sliderarrow\" alt=\"\">\n                <\/div>\n            <\/div>\n        <\/div>\n        <div class=\"content_carousel-slider\">\n                        <div class=\"content_carousel-item\">\n                <div class=\"content_carousel-item-inner\">\n                    <div class=\"contentPart-image\">\n                        <div class=\"imagetext_carousel-item-inner\">\n                            <div class=\"content_carousel-item-imagebox\">\n                                \n                                                                <img decoding=\"async\" src=\"https:\/\/ats-automation-develop.go-vip.net\/pas\/wp-content\/uploads\/sites\/38\/2025\/03\/handkerchief-machine-revamp-1.png?w=600&#038;h=560&#038;crop=1\"\n                                    alt=\"\" class=\"content_carousel-img\">\n                                                            <\/div>\n                        <\/div>\n                    <\/div>\n                    <div class=\"contentPart-text\">\n                        <h2>\n                            Produktionsmaschine f\u00fcr Papiertaschent\u00fccher&lt;br \/&gt;\r\n                        <\/h2>\n                        <h4><\/h4>\n                        <div class=\"imagetext_carousel-item-textbox\">\n                            Das alte Bedienfeld wurde ersetzt, w\u00e4hrend einige spezifische Werkzeuge beibehalten wurden. Die neue Edelstahlplatte passt sich an die alte Konstruktion an, einschlie\u00dflich Touchscreen, Tasten, LEDs und Schalter. Die Funktionen der alten Temperaturregler, der Alarmanzeige-Test sowie der Potentiometer zur L\u00fcftergeschwindigkeitsregelung wurden in die neue SPS integriert. Der Notaus-Schalter wurde in die SAFE-SPS der Maschine eingef\u00fcgt, um die Maschinenvorschriften anzupassen.<br \/>\r\n<br \/>\r\nZeit f\u00fcr den Austausch und die Inbetriebnahme des kompletten Systems: 3 Tage.                        <\/div>\n                                                                    <\/div>\n                <\/div>\n            <\/div>\n                        <div class=\"content_carousel-item\">\n                <div class=\"content_carousel-item-inner\">\n                    <div class=\"contentPart-image\">\n                        <div class=\"imagetext_carousel-item-inner\">\n                            <div class=\"content_carousel-item-imagebox\">\n                                \n                                                                <img decoding=\"async\" src=\"https:\/\/ats-automation-develop.go-vip.net\/pas\/wp-content\/uploads\/sites\/38\/2025\/03\/siemens-plc-revamp.png?w=600&#038;h=560&#038;crop=1\"\n                                    alt=\"\" class=\"content_carousel-img\">\n                                                            <\/div>\n                        <\/div>\n                    <\/div>\n                    <div class=\"contentPart-text\">\n                        <h2>\n                            Siemens PLC: Von S5 zu S7-300                        <\/h2>\n                        <h4><\/h4>\n                        <div class=\"imagetext_carousel-item-textbox\">\n                            Wir haben die alte S5-SPS durch die neue S7-SAFE-SPS ersetzt. Die Kommunikation mit dem Werksnetzwerk erfolgt \u00fcber Ethernet, die Kommunikation mit dem Motorantrieb \u00fcber Profibus DP. <br \/>\r\n<br \/>\r\nAustauschzeit: 3 Tage<br \/>\r\n                        <\/div>\n                                                                    <\/div>\n                <\/div>\n            <\/div>\n                        <div class=\"content_carousel-item\">\n                <div class=\"content_carousel-item-inner\">\n                    <div class=\"contentPart-image\">\n                        <div class=\"imagetext_carousel-item-inner\">\n                            <div class=\"content_carousel-item-imagebox\">\n                                \n                                                                <img decoding=\"async\" src=\"https:\/\/ats-automation-develop.go-vip.net\/pas\/wp-content\/uploads\/sites\/38\/2025\/03\/pacdrive-revamp.png?w=600&#038;h=560&#038;crop=1\"\n                                    alt=\"\" class=\"content_carousel-img\">\n                                                            <\/div>\n                        <\/div>\n                    <\/div>\n                    <div class=\"contentPart-text\">\n                        <h2>\n                            Revamping Servo Drive mit PacDrive3                        <\/h2>\n                        <h4><\/h4>\n                        <div class=\"imagetext_carousel-item-textbox\">\n                            Wir haben den alten Servoantrieb durch den neuen PacDrive3 ersetzt, die Kommunikation mit der SPS erfolgt \u00fcber Profibus DP. <br \/>\r\n<br \/>\r\nAustauschzeit: 5 Tage<br \/>\r\n                        <\/div>\n                                                                    <\/div>\n                <\/div>\n            <\/div>\n                    <\/div>\n\n\n    <\/div>\n\n<\/div>\n\n\n    <div id=\"contactform-block_15240094f46a76ea948350378cb804e9\" class=\"content-row content-row-contactform  background_darken contactform\">\n        <div class=\"contentPart-inner\">\n\n            <div class=\"contentPart-text width-100\">\n                                    <h2 class=\"text-blue content-row-headline trans\">\n                        Kontaktieren Sie unsere Experten                    <\/h2>\n                            <\/div>\n\n            <div class=\"contactform-wrapper trans\">\n                                    <iframe src=\"https:\/\/go.atsautomation.com\/l\/651873\/2025-04-24\/h7vk81\" class=\"form-iframe form-iframe-contactform\"><\/iframe>\n                            <\/div>\n\n        <\/div>\n    <\/div>\n","protected":false},"excerpt":{"rendered":"","protected":false},"author":465,"featured_media":0,"parent":0,"menu_order":0,"comment_status":"closed","ping_status":"closed","template":"","meta":{"_acf_changed":false,"_cr_original_post":"19175","_cr_replace_post_id":"","_cr_replacing_post_id":"","footnotes":""},"class_list":["post-24935","page","type-page","status-publish","hentry"],"yoast_head":"<!-- This site is optimized with the Yoast SEO Premium plugin v26.8 (Yoast SEO v26.8) - https:\/\/yoast.com\/product\/yoast-seo-premium-wordpress\/ -->\n<title>Revamping | Orise | Production Plant Lifecycle Services<\/title>\n<meta name=\"description\" content=\"Ziel unserer \u00dcberholungsarbeiten ist es, den Lebenszyklus jeder Maschine in einer Anlage als Teil des Produktionsprozesses zu verl\u00e4ngern.\" \/>\n<meta name=\"robots\" content=\"index, follow, max-snippet:-1, max-image-preview:large, max-video-preview:-1\" \/>\n<link rel=\"canonical\" href=\"https:\/\/ats-automation-develop.go-vip.net\/pas\/de\/revamping\/\" \/>\n<meta property=\"og:locale\" content=\"de_DE\" \/>\n<meta property=\"og:type\" content=\"article\" \/>\n<meta property=\"og:title\" content=\"Brownfields + Revamping\" \/>\n<meta property=\"og:description\" content=\"Ziel unserer \u00dcberholungsarbeiten ist es, den Lebenszyklus jeder Maschine in einer Anlage als Teil des Produktionsprozesses zu verl\u00e4ngern.\" \/>\n<meta property=\"og:url\" content=\"https:\/\/ats-automation-develop.go-vip.net\/pas\/de\/revamping\/\" \/>\n<meta property=\"og:site_name\" content=\"Orise\" \/>\n<meta property=\"article:modified_time\" content=\"2025-10-06T14:09:38+00:00\" \/>\n<meta name=\"twitter:card\" content=\"summary_large_image\" \/>\n<script type=\"application\/ld+json\" class=\"yoast-schema-graph\">{\"@context\":\"https:\/\/schema.org\",\"@graph\":[{\"@type\":\"WebPage\",\"@id\":\"https:\/\/ats-automation-develop.go-vip.net\/pas\/de\/revamping\/\",\"url\":\"https:\/\/ats-automation-develop.go-vip.net\/pas\/de\/revamping\/\",\"name\":\"Revamping | Orise | Production Plant Lifecycle Services\",\"isPartOf\":{\"@id\":\"https:\/\/ats-automation-develop.go-vip.net\/pas\/de\/#website\"},\"datePublished\":\"2025-03-03T06:10:34+00:00\",\"dateModified\":\"2025-10-06T14:09:38+00:00\",\"description\":\"Ziel unserer \u00dcberholungsarbeiten ist es, den Lebenszyklus jeder Maschine in einer Anlage als Teil des Produktionsprozesses zu verl\u00e4ngern.\",\"breadcrumb\":{\"@id\":\"https:\/\/ats-automation-develop.go-vip.net\/pas\/de\/revamping\/#breadcrumb\"},\"inLanguage\":\"de-DE\",\"potentialAction\":[{\"@type\":\"ReadAction\",\"target\":[\"https:\/\/ats-automation-develop.go-vip.net\/pas\/de\/revamping\/\"]}]},{\"@type\":\"BreadcrumbList\",\"@id\":\"https:\/\/ats-automation-develop.go-vip.net\/pas\/de\/revamping\/#breadcrumb\",\"itemListElement\":[{\"@type\":\"ListItem\",\"position\":1,\"name\":\"Home\",\"item\":\"https:\/\/ats-automation-develop.go-vip.net\/pas\/de\/\"},{\"@type\":\"ListItem\",\"position\":2,\"name\":\"Brownfields + Revamping\"}]},{\"@type\":\"WebSite\",\"@id\":\"https:\/\/ats-automation-develop.go-vip.net\/pas\/de\/#website\",\"url\":\"https:\/\/ats-automation-develop.go-vip.net\/pas\/de\/\",\"name\":\"Orise\",\"description\":\"Unlock your full potential.\",\"publisher\":{\"@id\":\"https:\/\/ats-automation-develop.go-vip.net\/pas\/de\/#organization\"},\"potentialAction\":[{\"@type\":\"SearchAction\",\"target\":{\"@type\":\"EntryPoint\",\"urlTemplate\":\"https:\/\/ats-automation-develop.go-vip.net\/pas\/de\/?s={search_term_string}\"},\"query-input\":{\"@type\":\"PropertyValueSpecification\",\"valueRequired\":true,\"valueName\":\"search_term_string\"}}],\"inLanguage\":\"de-DE\"},{\"@type\":\"Organization\",\"@id\":\"https:\/\/ats-automation-develop.go-vip.net\/pas\/de\/#organization\",\"name\":\"Orise\",\"url\":\"https:\/\/ats-automation-develop.go-vip.net\/pas\/de\/\",\"logo\":{\"@type\":\"ImageObject\",\"inLanguage\":\"de-DE\",\"@id\":\"https:\/\/ats-automation-develop.go-vip.net\/pas\/de\/#\/schema\/logo\/image\/\",\"url\":\"https:\/\/ats-automation-develop.go-vip.net\/pas\/wp-content\/uploads\/sites\/38\/2025\/04\/cropped-Orise-Circle-Icon-Website-V1-1.png\",\"contentUrl\":\"https:\/\/ats-automation-develop.go-vip.net\/pas\/wp-content\/uploads\/sites\/38\/2025\/04\/cropped-Orise-Circle-Icon-Website-V1-1.png\",\"width\":512,\"height\":512,\"caption\":\"Orise\"},\"image\":{\"@id\":\"https:\/\/ats-automation-develop.go-vip.net\/pas\/de\/#\/schema\/logo\/image\/\"}}]}<\/script>\n<!-- \/ Yoast SEO Premium plugin. -->","yoast_head_json":{"title":"Revamping | Orise | Production Plant Lifecycle Services","description":"Ziel unserer \u00dcberholungsarbeiten ist es, den Lebenszyklus jeder Maschine in einer Anlage als Teil des Produktionsprozesses zu verl\u00e4ngern.","robots":{"index":"index","follow":"follow","max-snippet":"max-snippet:-1","max-image-preview":"max-image-preview:large","max-video-preview":"max-video-preview:-1"},"canonical":"https:\/\/ats-automation-develop.go-vip.net\/pas\/de\/revamping\/","og_locale":"de_DE","og_type":"article","og_title":"Brownfields + Revamping","og_description":"Ziel unserer \u00dcberholungsarbeiten ist es, den Lebenszyklus jeder Maschine in einer Anlage als Teil des Produktionsprozesses zu verl\u00e4ngern.","og_url":"https:\/\/ats-automation-develop.go-vip.net\/pas\/de\/revamping\/","og_site_name":"Orise","article_modified_time":"2025-10-06T14:09:38+00:00","twitter_card":"summary_large_image","schema":{"@context":"https:\/\/schema.org","@graph":[{"@type":"WebPage","@id":"https:\/\/ats-automation-develop.go-vip.net\/pas\/de\/revamping\/","url":"https:\/\/ats-automation-develop.go-vip.net\/pas\/de\/revamping\/","name":"Revamping | Orise | Production Plant Lifecycle Services","isPartOf":{"@id":"https:\/\/ats-automation-develop.go-vip.net\/pas\/de\/#website"},"datePublished":"2025-03-03T06:10:34+00:00","dateModified":"2025-10-06T14:09:38+00:00","description":"Ziel unserer \u00dcberholungsarbeiten ist es, den Lebenszyklus jeder Maschine in einer Anlage als Teil des Produktionsprozesses zu verl\u00e4ngern.","breadcrumb":{"@id":"https:\/\/ats-automation-develop.go-vip.net\/pas\/de\/revamping\/#breadcrumb"},"inLanguage":"de-DE","potentialAction":[{"@type":"ReadAction","target":["https:\/\/ats-automation-develop.go-vip.net\/pas\/de\/revamping\/"]}]},{"@type":"BreadcrumbList","@id":"https:\/\/ats-automation-develop.go-vip.net\/pas\/de\/revamping\/#breadcrumb","itemListElement":[{"@type":"ListItem","position":1,"name":"Home","item":"https:\/\/ats-automation-develop.go-vip.net\/pas\/de\/"},{"@type":"ListItem","position":2,"name":"Brownfields + Revamping"}]},{"@type":"WebSite","@id":"https:\/\/ats-automation-develop.go-vip.net\/pas\/de\/#website","url":"https:\/\/ats-automation-develop.go-vip.net\/pas\/de\/","name":"Orise","description":"Unlock your full potential.","publisher":{"@id":"https:\/\/ats-automation-develop.go-vip.net\/pas\/de\/#organization"},"potentialAction":[{"@type":"SearchAction","target":{"@type":"EntryPoint","urlTemplate":"https:\/\/ats-automation-develop.go-vip.net\/pas\/de\/?s={search_term_string}"},"query-input":{"@type":"PropertyValueSpecification","valueRequired":true,"valueName":"search_term_string"}}],"inLanguage":"de-DE"},{"@type":"Organization","@id":"https:\/\/ats-automation-develop.go-vip.net\/pas\/de\/#organization","name":"Orise","url":"https:\/\/ats-automation-develop.go-vip.net\/pas\/de\/","logo":{"@type":"ImageObject","inLanguage":"de-DE","@id":"https:\/\/ats-automation-develop.go-vip.net\/pas\/de\/#\/schema\/logo\/image\/","url":"https:\/\/ats-automation-develop.go-vip.net\/pas\/wp-content\/uploads\/sites\/38\/2025\/04\/cropped-Orise-Circle-Icon-Website-V1-1.png","contentUrl":"https:\/\/ats-automation-develop.go-vip.net\/pas\/wp-content\/uploads\/sites\/38\/2025\/04\/cropped-Orise-Circle-Icon-Website-V1-1.png","width":512,"height":512,"caption":"Orise"},"image":{"@id":"https:\/\/ats-automation-develop.go-vip.net\/pas\/de\/#\/schema\/logo\/image\/"}}]}},"acf":[],"jetpack-related-posts":[],"jetpack_sharing_enabled":true,"_links":{"self":[{"href":"https:\/\/ats-automation-develop.go-vip.net\/pas\/de\/wp-json\/wp\/v2\/pages\/24935","targetHints":{"allow":["GET"]}}],"collection":[{"href":"https:\/\/ats-automation-develop.go-vip.net\/pas\/de\/wp-json\/wp\/v2\/pages"}],"about":[{"href":"https:\/\/ats-automation-develop.go-vip.net\/pas\/de\/wp-json\/wp\/v2\/types\/page"}],"author":[{"embeddable":true,"href":"https:\/\/ats-automation-develop.go-vip.net\/pas\/de\/wp-json\/wp\/v2\/users\/465"}],"replies":[{"embeddable":true,"href":"https:\/\/ats-automation-develop.go-vip.net\/pas\/de\/wp-json\/wp\/v2\/comments?post=24935"}],"version-history":[{"count":2,"href":"https:\/\/ats-automation-develop.go-vip.net\/pas\/de\/wp-json\/wp\/v2\/pages\/24935\/revisions"}],"predecessor-version":[{"id":32266,"href":"https:\/\/ats-automation-develop.go-vip.net\/pas\/de\/wp-json\/wp\/v2\/pages\/24935\/revisions\/32266"}],"wp:attachment":[{"href":"https:\/\/ats-automation-develop.go-vip.net\/pas\/de\/wp-json\/wp\/v2\/media?parent=24935"}],"curies":[{"name":"wp","href":"https:\/\/api.w.org\/{rel}","templated":true}]}}