{"id":24715,"date":"2025-03-03T05:35:42","date_gmt":"2025-03-03T05:35:42","guid":{"rendered":"https:\/\/ats-automation-develop.go-vip.net\/pas\/digital-products\/gxp-data-integrity\/"},"modified":"2025-08-06T15:57:25","modified_gmt":"2025-08-06T15:57:25","slug":"gxp-data-integrity","status":"publish","type":"page","link":"https:\/\/ats-automation-develop.go-vip.net\/pas\/de\/digital-products\/gxp-data-integrity\/","title":{"rendered":"GxP Data Integrity"},"content":{"rendered":"<div id=\"pageheader-block_c25c9b7900ba987d5d148f13814bfb65\" class=\"content-row content-row-pageheader background_darken pageheader\">\n        <div class=\"contentPart-fixed\">\n        <div class=\"contentPart-inner\">\n            <div class=\"contentPart-text width-100\">\n                <h1>\n                                        GxP Data Integrity                                    <\/h1>\n                <h2 class=\"trans\">\n                                    <\/h2>\n                                            <\/div>\n        <\/div>\n    <\/div>\n    <div class=\"slidedown-button editor-hide\">\n        <span class=\"slidedown-label\">Mehr erfahren<\/span>\n        <img decoding=\"async\" src=\"https:\/\/ats-automation-develop.go-vip.net\/pas\/wp-content\/themes\/ats-orise\/img\/doubble-arrow-down.svg\" alt=\"\"\n            class=\"slidedown-icon\">\n    <\/div>\n<\/div>\n\n\n    <div id=\"textimage-block_f43d4a5629a27ba50fe1e953406f80ab\" class=\"content-row content-row-textimage background_blue  textimage\">\n        <div class=\"contentPart-inner\">\n            <div class=\"contentPart-text width-50\">\n                <h2 class=\"trans text-blue \">\n                                            Einfaches Audit-Trail-Review                                                         <\/h2>\n                <div class=\"textInput trans\">\n                                            <p>&nbsp;<\/p>\n<p><span data-contrast=\"auto\">GxP Data Integrity ist ein Tool, das entwickelt wurde, um Analysen und Audit-Trail-Daten in allen Arbeitsbereichen eines Pharmaunternehmens zu sammeln und zu vergleichen.<\/span><span data-ccp-props=\"{&quot;134233117&quot;:false,&quot;134233118&quot;:false,&quot;335559738&quot;:240,&quot;335559739&quot;:240}\">\u00a0<\/span><\/p>\n<p><span data-contrast=\"auto\">Es ist einfach, intuitiv und benutzerfreundlich: Dieses Tool stellt sicher, dass alles im System \u00fcberpr\u00fcft wurde, dokumentiert alle Kontrollen und generiert Berichte gem\u00e4\u00df GMP-Standards.<\/span><span data-ccp-props=\"{&quot;134233117&quot;:false,&quot;134233118&quot;:false,&quot;335559738&quot;:240,&quot;335559739&quot;:240}\">\u00a0<\/span><\/p>\n<p><span data-contrast=\"auto\">Seine automatisierte Systemarchitektur garantiert Flexibilit\u00e4t und Erweiterbarkeit im Laufe der Zeit, ohne bereits automatisierte Prozesse zu beeintr\u00e4chtigen.<\/span><span data-ccp-props=\"{&quot;134233117&quot;:false,&quot;134233118&quot;:false,&quot;335559738&quot;:240,&quot;335559739&quot;:240}\">\u00a0<\/span><\/p>\n<p><span data-contrast=\"auto\">In GxP Data Integrity gibt es keine Begrenzung f\u00fcr die Anzahl der Laborinstrumente: Der Benutzer kann die Instrumententypen ausw\u00e4hlen und diese vollkommen eigenst\u00e4ndig hinzuf\u00fcgen oder entfernen.\u00a0<\/span><span data-ccp-props=\"{&quot;134233117&quot;:false,&quot;134233118&quot;:false,&quot;335559738&quot;:240,&quot;335559739&quot;:240}\">\u00a0<\/span><\/p>\n                                    <\/div>\n                                            <\/div>\n            <div class=\"contentPart-image width-50 trans \">\n                                                    <img decoding=\"async\" src=\"https:\/\/ats-automation-develop.go-vip.net\/pas\/wp-content\/uploads\/sites\/38\/2025\/03\/female-scientist-working-lab-pcr-test-1.jpg?w=1024\" alt=\"female scientist working lab pcr test\" class=\"textbildimg\">\n                            <\/div>\n        <\/div>\n    <\/div>\n\n\n    <div id=\"textimage-block_2c7510063054404739ece8da99afea5d\" class=\"content-row content-row-textimage background_darken  textimage\">\n        <div class=\"contentPart-inner\">\n            <div class=\"contentPart-text width-50\">\n                <h2 class=\"trans text-blue \">\n                                            Hauptmerkmale                                                         <\/h2>\n                <div class=\"textInput trans\">\n                                            <ul>\n<li><span data-contrast=\"auto\">\u00dcberpr\u00fcfung aller empfangenen Daten und Nachweis aller durchgef\u00fchrten Pr\u00fcfungen\u00a0<\/span><span data-ccp-props=\"{&quot;134233117&quot;:false,&quot;134233118&quot;:false,&quot;335559738&quot;:0,&quot;335559739&quot;:0}\">\u00a0<\/span><\/li>\n<li><span data-contrast=\"auto\">Schnelle, unkomplizierte Implementierung\u00a0<\/span><span data-ccp-props=\"{&quot;134233117&quot;:false,&quot;134233118&quot;:false,&quot;335559738&quot;:0,&quot;335559739&quot;:0}\">\u00a0<\/span>\n<ul>\n<li><span data-contrast=\"auto\">Einfache Bedienung, keine Anweisungen erforderlich<\/span><span data-ccp-props=\"{&quot;134233117&quot;:false,&quot;134233118&quot;:false,&quot;335559738&quot;:0,&quot;335559739&quot;:0}\">\u00a0<\/span><\/li>\n<\/ul>\n<\/li>\n<li><span data-contrast=\"auto\">95 % Zeitersparnis f\u00fcr Bediener bei der Datenpr\u00fcfung\u00a0<\/span><span data-ccp-props=\"{&quot;134233117&quot;:false,&quot;134233118&quot;:false,&quot;335559738&quot;:0,&quot;335559739&quot;:0}\">\u00a0<\/span><\/li>\n<li><span data-contrast=\"auto\">Erstellung von Datenmanipulationsberichten\u00a0<\/span><span data-ccp-props=\"{&quot;134233117&quot;:false,&quot;134233118&quot;:false,&quot;335559738&quot;:0,&quot;335559739&quot;:0}\">\u00a0<\/span><\/li>\n<li><span data-contrast=\"auto\">App verf\u00fcgbar auf jedem Ger\u00e4t mit Webserver-Technologie\u00a0<\/span><span data-ccp-props=\"{&quot;134233117&quot;:false,&quot;134233118&quot;:false,&quot;335559738&quot;:0,&quot;335559739&quot;:0}\">\u00a0<\/span><\/li>\n<li><span data-contrast=\"auto\">Datenintegrit\u00e4t und CFR 21 Part 11-Konformit\u00e4t<\/span><span data-ccp-props=\"{&quot;134233117&quot;:false,&quot;134233118&quot;:false,&quot;335559738&quot;:0,&quot;335559739&quot;:0}\">\u00a0<\/span><\/li>\n<\/ul>\n                                    <\/div>\n                                            <\/div>\n            <div class=\"contentPart-image width-50 trans \">\n                                                    <img decoding=\"async\" src=\"https:\/\/ats-automation-develop.go-vip.net\/pas\/wp-content\/uploads\/sites\/38\/2025\/03\/scientists-in-pharma-lab-tablet.jpg?w=1024\" alt=\"\" class=\"textbildimg\">\n                            <\/div>\n        <\/div>\n    <\/div>\n\n\n    <div id=\"textimage-block_693d0ab8d7708f6fc5f089cb926d08f9\" class=\"content-row content-row-textimage background_blue  textimage\">\n        <div class=\"contentPart-inner\">\n            <div class=\"contentPart-text width-50\">\n                <h2 class=\"trans text-blue \">\n                                            Kundenerfolg: Takeda Italien                                                         <\/h2>\n                <div class=\"textInput trans\">\n                                            <p><span data-contrast=\"auto\">Die wichtigsten Aspekte von GxP Data Integrity f\u00fcr Takeda waren:\u00a0<\/span><span data-ccp-props=\"{&quot;134233117&quot;:false,&quot;134233118&quot;:false,&quot;335559738&quot;:240,&quot;335559739&quot;:240}\">\u00a0<\/span><\/p>\n<ul>\n<li><span data-contrast=\"auto\">Sammlung und Vergleich von Analysedaten und Audit-Trails\u00a0<\/span><span data-ccp-props=\"{&quot;134233117&quot;:false,&quot;134233118&quot;:false,&quot;335559738&quot;:0,&quot;335559739&quot;:0}\">\u00a0<\/span><\/li>\n<li><span data-contrast=\"auto\">Sicherstellung, dass das gesamte System \u00fcberpr\u00fcft wurde\u00a0<\/span><span data-ccp-props=\"{&quot;134233117&quot;:false,&quot;134233118&quot;:false,&quot;335559738&quot;:0,&quot;335559739&quot;:0}\">\u00a0<\/span><\/li>\n<li><span data-contrast=\"auto\">M\u00f6glichkeit, alle durchgef\u00fchrten Kontrollen im Prozess hervorzuheben\u00a0<\/span><span data-ccp-props=\"{&quot;134233117&quot;:false,&quot;134233118&quot;:false,&quot;335559738&quot;:0,&quot;335559739&quot;:0}\">\u00a0<\/span><\/li>\n<li><span data-contrast=\"auto\">Schnelle und unkomplizierte Implementierung mit geringem Aufwand<\/span><span data-ccp-props=\"{&quot;134233117&quot;:false,&quot;134233118&quot;:false,&quot;335559738&quot;:0,&quot;335559739&quot;:0}\">\u00a0<\/span><\/li>\n<\/ul>\n                                    <\/div>\n                                            <\/div>\n            <div class=\"contentPart-image width-50 trans \">\n                                                    <img decoding=\"async\" src=\"https:\/\/ats-automation-develop.go-vip.net\/pas\/wp-content\/uploads\/sites\/38\/2025\/03\/standard-quality-control-collage-concept.jpg?w=1024\" alt=\"\" class=\"textbildimg\">\n                            <\/div>\n        <\/div>\n    <\/div>\n\n\n    <div id=\"contactform-block_24998c7d9f5c7dd68eb3470d02c0522f\" class=\"content-row content-row-contactform  background_darken contactform\">\n        <div class=\"contentPart-inner\">\n\n            <div class=\"contentPart-text width-100\">\n                                    <h2 class=\"text-blue content-row-headline trans\">\n                        Sprechen Sie noch heute mit unseren Branchenexperten:                     <\/h2>\n                            <\/div>\n\n            <div class=\"contactform-wrapper trans\">\n                                    <iframe src=\"https:\/\/go.atsautomation.com\/l\/651873\/2025-06-03\/h7ylvf\" class=\"form-iframe form-iframe-contactform\"><\/iframe>\n                            <\/div>\n\n        <\/div>\n    <\/div>\n","protected":false},"excerpt":{"rendered":"","protected":false},"author":465,"featured_media":0,"parent":24373,"menu_order":0,"comment_status":"closed","ping_status":"closed","template":"","meta":{"_acf_changed":false,"_cr_original_post":"","_cr_replace_post_id":"","_cr_replacing_post_id":"","footnotes":""},"class_list":["post-24715","page","type-page","status-publish","hentry"],"yoast_head":"<!-- This site is optimized with the Yoast SEO Premium plugin v26.8 (Yoast SEO v26.8) - https:\/\/yoast.com\/product\/yoast-seo-premium-wordpress\/ -->\n<title>GxP Data Integrity | Orise Digital<\/title>\n<meta name=\"description\" content=\"GxP Data Integrity ist ein digitaler Pr\u00fcfer, der Analysen- und Audit Trail-Daten in Pharmawerken sammelt und vergleicht.\" \/>\n<meta name=\"robots\" content=\"index, follow, max-snippet:-1, max-image-preview:large, max-video-preview:-1\" \/>\n<link rel=\"canonical\" href=\"https:\/\/ats-automation-develop.go-vip.net\/pas\/de\/digital-products\/gxp-data-integrity\/\" \/>\n<meta property=\"og:locale\" content=\"de_DE\" \/>\n<meta property=\"og:type\" content=\"article\" \/>\n<meta property=\"og:title\" content=\"GxP Data Integrity\" \/>\n<meta property=\"og:description\" content=\"GxP Data Integrity ist ein digitaler Pr\u00fcfer, der Analysen- und Audit Trail-Daten in Pharmawerken sammelt und vergleicht.\" \/>\n<meta property=\"og:url\" content=\"https:\/\/ats-automation-develop.go-vip.net\/pas\/de\/digital-products\/gxp-data-integrity\/\" \/>\n<meta property=\"og:site_name\" content=\"Orise\" \/>\n<meta property=\"article:modified_time\" content=\"2025-08-06T15:57:25+00:00\" \/>\n<meta name=\"twitter:card\" content=\"summary_large_image\" \/>\n<script type=\"application\/ld+json\" class=\"yoast-schema-graph\">{\"@context\":\"https:\/\/schema.org\",\"@graph\":[{\"@type\":\"WebPage\",\"@id\":\"https:\/\/ats-automation-develop.go-vip.net\/pas\/de\/digital-products\/gxp-data-integrity\/\",\"url\":\"https:\/\/ats-automation-develop.go-vip.net\/pas\/de\/digital-products\/gxp-data-integrity\/\",\"name\":\"GxP Data Integrity | Orise Digital\",\"isPartOf\":{\"@id\":\"https:\/\/ats-automation-develop.go-vip.net\/pas\/de\/#website\"},\"datePublished\":\"2025-03-03T05:35:42+00:00\",\"dateModified\":\"2025-08-06T15:57:25+00:00\",\"description\":\"GxP Data Integrity ist ein digitaler Pr\u00fcfer, der Analysen- und Audit Trail-Daten in Pharmawerken sammelt und vergleicht.\",\"breadcrumb\":{\"@id\":\"https:\/\/ats-automation-develop.go-vip.net\/pas\/de\/digital-products\/gxp-data-integrity\/#breadcrumb\"},\"inLanguage\":\"de-DE\",\"potentialAction\":[{\"@type\":\"ReadAction\",\"target\":[\"https:\/\/ats-automation-develop.go-vip.net\/pas\/de\/digital-products\/gxp-data-integrity\/\"]}]},{\"@type\":\"BreadcrumbList\",\"@id\":\"https:\/\/ats-automation-develop.go-vip.net\/pas\/de\/digital-products\/gxp-data-integrity\/#breadcrumb\",\"itemListElement\":[{\"@type\":\"ListItem\",\"position\":1,\"name\":\"Home\",\"item\":\"https:\/\/ats-automation-develop.go-vip.net\/pas\/de\/\"},{\"@type\":\"ListItem\",\"position\":2,\"name\":\"Digital Products\",\"item\":\"https:\/\/ats-automation-develop.go-vip.net\/pas\/de\/digital-products\/\"},{\"@type\":\"ListItem\",\"position\":3,\"name\":\"GxP Data Integrity\"}]},{\"@type\":\"WebSite\",\"@id\":\"https:\/\/ats-automation-develop.go-vip.net\/pas\/de\/#website\",\"url\":\"https:\/\/ats-automation-develop.go-vip.net\/pas\/de\/\",\"name\":\"Orise\",\"description\":\"Unlock your full potential.\",\"publisher\":{\"@id\":\"https:\/\/ats-automation-develop.go-vip.net\/pas\/de\/#organization\"},\"potentialAction\":[{\"@type\":\"SearchAction\",\"target\":{\"@type\":\"EntryPoint\",\"urlTemplate\":\"https:\/\/ats-automation-develop.go-vip.net\/pas\/de\/?s={search_term_string}\"},\"query-input\":{\"@type\":\"PropertyValueSpecification\",\"valueRequired\":true,\"valueName\":\"search_term_string\"}}],\"inLanguage\":\"de-DE\"},{\"@type\":\"Organization\",\"@id\":\"https:\/\/ats-automation-develop.go-vip.net\/pas\/de\/#organization\",\"name\":\"Orise\",\"url\":\"https:\/\/ats-automation-develop.go-vip.net\/pas\/de\/\",\"logo\":{\"@type\":\"ImageObject\",\"inLanguage\":\"de-DE\",\"@id\":\"https:\/\/ats-automation-develop.go-vip.net\/pas\/de\/#\/schema\/logo\/image\/\",\"url\":\"https:\/\/ats-automation-develop.go-vip.net\/pas\/wp-content\/uploads\/sites\/38\/2025\/04\/cropped-Orise-Circle-Icon-Website-V1-1.png\",\"contentUrl\":\"https:\/\/ats-automation-develop.go-vip.net\/pas\/wp-content\/uploads\/sites\/38\/2025\/04\/cropped-Orise-Circle-Icon-Website-V1-1.png\",\"width\":512,\"height\":512,\"caption\":\"Orise\"},\"image\":{\"@id\":\"https:\/\/ats-automation-develop.go-vip.net\/pas\/de\/#\/schema\/logo\/image\/\"}}]}<\/script>\n<!-- \/ Yoast SEO Premium plugin. -->","yoast_head_json":{"title":"GxP Data Integrity | Orise Digital","description":"GxP Data Integrity ist ein digitaler Pr\u00fcfer, der Analysen- und Audit Trail-Daten in Pharmawerken sammelt und vergleicht.","robots":{"index":"index","follow":"follow","max-snippet":"max-snippet:-1","max-image-preview":"max-image-preview:large","max-video-preview":"max-video-preview:-1"},"canonical":"https:\/\/ats-automation-develop.go-vip.net\/pas\/de\/digital-products\/gxp-data-integrity\/","og_locale":"de_DE","og_type":"article","og_title":"GxP Data Integrity","og_description":"GxP Data Integrity ist ein digitaler Pr\u00fcfer, der Analysen- und Audit Trail-Daten in Pharmawerken sammelt und vergleicht.","og_url":"https:\/\/ats-automation-develop.go-vip.net\/pas\/de\/digital-products\/gxp-data-integrity\/","og_site_name":"Orise","article_modified_time":"2025-08-06T15:57:25+00:00","twitter_card":"summary_large_image","schema":{"@context":"https:\/\/schema.org","@graph":[{"@type":"WebPage","@id":"https:\/\/ats-automation-develop.go-vip.net\/pas\/de\/digital-products\/gxp-data-integrity\/","url":"https:\/\/ats-automation-develop.go-vip.net\/pas\/de\/digital-products\/gxp-data-integrity\/","name":"GxP Data Integrity | Orise Digital","isPartOf":{"@id":"https:\/\/ats-automation-develop.go-vip.net\/pas\/de\/#website"},"datePublished":"2025-03-03T05:35:42+00:00","dateModified":"2025-08-06T15:57:25+00:00","description":"GxP Data Integrity ist ein digitaler Pr\u00fcfer, der Analysen- und Audit Trail-Daten in Pharmawerken sammelt und vergleicht.","breadcrumb":{"@id":"https:\/\/ats-automation-develop.go-vip.net\/pas\/de\/digital-products\/gxp-data-integrity\/#breadcrumb"},"inLanguage":"de-DE","potentialAction":[{"@type":"ReadAction","target":["https:\/\/ats-automation-develop.go-vip.net\/pas\/de\/digital-products\/gxp-data-integrity\/"]}]},{"@type":"BreadcrumbList","@id":"https:\/\/ats-automation-develop.go-vip.net\/pas\/de\/digital-products\/gxp-data-integrity\/#breadcrumb","itemListElement":[{"@type":"ListItem","position":1,"name":"Home","item":"https:\/\/ats-automation-develop.go-vip.net\/pas\/de\/"},{"@type":"ListItem","position":2,"name":"Digital Products","item":"https:\/\/ats-automation-develop.go-vip.net\/pas\/de\/digital-products\/"},{"@type":"ListItem","position":3,"name":"GxP Data Integrity"}]},{"@type":"WebSite","@id":"https:\/\/ats-automation-develop.go-vip.net\/pas\/de\/#website","url":"https:\/\/ats-automation-develop.go-vip.net\/pas\/de\/","name":"Orise","description":"Unlock your full potential.","publisher":{"@id":"https:\/\/ats-automation-develop.go-vip.net\/pas\/de\/#organization"},"potentialAction":[{"@type":"SearchAction","target":{"@type":"EntryPoint","urlTemplate":"https:\/\/ats-automation-develop.go-vip.net\/pas\/de\/?s={search_term_string}"},"query-input":{"@type":"PropertyValueSpecification","valueRequired":true,"valueName":"search_term_string"}}],"inLanguage":"de-DE"},{"@type":"Organization","@id":"https:\/\/ats-automation-develop.go-vip.net\/pas\/de\/#organization","name":"Orise","url":"https:\/\/ats-automation-develop.go-vip.net\/pas\/de\/","logo":{"@type":"ImageObject","inLanguage":"de-DE","@id":"https:\/\/ats-automation-develop.go-vip.net\/pas\/de\/#\/schema\/logo\/image\/","url":"https:\/\/ats-automation-develop.go-vip.net\/pas\/wp-content\/uploads\/sites\/38\/2025\/04\/cropped-Orise-Circle-Icon-Website-V1-1.png","contentUrl":"https:\/\/ats-automation-develop.go-vip.net\/pas\/wp-content\/uploads\/sites\/38\/2025\/04\/cropped-Orise-Circle-Icon-Website-V1-1.png","width":512,"height":512,"caption":"Orise"},"image":{"@id":"https:\/\/ats-automation-develop.go-vip.net\/pas\/de\/#\/schema\/logo\/image\/"}}]}},"acf":[],"jetpack-related-posts":[],"jetpack_sharing_enabled":true,"_links":{"self":[{"href":"https:\/\/ats-automation-develop.go-vip.net\/pas\/de\/wp-json\/wp\/v2\/pages\/24715","targetHints":{"allow":["GET"]}}],"collection":[{"href":"https:\/\/ats-automation-develop.go-vip.net\/pas\/de\/wp-json\/wp\/v2\/pages"}],"about":[{"href":"https:\/\/ats-automation-develop.go-vip.net\/pas\/de\/wp-json\/wp\/v2\/types\/page"}],"author":[{"embeddable":true,"href":"https:\/\/ats-automation-develop.go-vip.net\/pas\/de\/wp-json\/wp\/v2\/users\/465"}],"replies":[{"embeddable":true,"href":"https:\/\/ats-automation-develop.go-vip.net\/pas\/de\/wp-json\/wp\/v2\/comments?post=24715"}],"version-history":[{"count":2,"href":"https:\/\/ats-automation-develop.go-vip.net\/pas\/de\/wp-json\/wp\/v2\/pages\/24715\/revisions"}],"predecessor-version":[{"id":29411,"href":"https:\/\/ats-automation-develop.go-vip.net\/pas\/de\/wp-json\/wp\/v2\/pages\/24715\/revisions\/29411"}],"up":[{"embeddable":true,"href":"https:\/\/ats-automation-develop.go-vip.net\/pas\/de\/wp-json\/wp\/v2\/pages\/24373"}],"wp:attachment":[{"href":"https:\/\/ats-automation-develop.go-vip.net\/pas\/de\/wp-json\/wp\/v2\/media?parent=24715"}],"curies":[{"name":"wp","href":"https:\/\/api.w.org\/{rel}","templated":true}]}}